{"id":85,"date":"2026-03-25T13:42:34","date_gmt":"2026-03-25T13:42:34","guid":{"rendered":"https:\/\/grassglobe.com\/en\/product\/%d1%87%d0%b8%d1%81%d1%82%d1%8f%d1%89%d0%b5%d0%b5-%d1%81%d1%80%d0%b5%d0%b4%d1%81%d1%82%d0%b2%d0%be-%d0%b4%d0%bb%d1%8f-%d0%b2%d0%b0%d0%bd%d0%bd%d0%be%d0%b9-%d0%ba%d0%be%d0%bc%d0%bd%d0%b0%d1%82%d1%8b-gl\/"},"modified":"2026-04-20T18:44:31","modified_gmt":"2026-04-20T18:44:31","slug":"gloss-600","status":"publish","type":"product","link":"https:\/\/grassglobe.com\/tr\/product\/gloss-600\/","title":{"rendered":"GRASS &#8220;GLOSS&#8221; Temizlik Maddesi 600 ml"},"content":{"rendered":"<p>Banyo cilas\u0131. K\u00fcvetler, du\u015f kabinleri, banyo ve tuvalet ekipmanlar\u0131, seramik \u00fcr\u00fcnler ve fayanslardaki kire\u00e7, pas lekeleri, sabun lekeleri ve tuz birikintilerinin temizli\u011fi i\u00e7in uygundur. \u00c7\u0131kar\u0131lmas\u0131 zor ve eski kirlerden kurtulmaya yard\u0131mc\u0131 olur. Akrilik k\u00fcvetler i\u00e7in g\u00fcvenlidir. Y\u00fczeyi temiz ve parlak hale getirir ve etkisi 5 g\u00fcn boyunca devam eder.<\/p>\n","protected":false},"excerpt":{"rendered":"<p>Banyo cilas\u0131. K\u00fcvetler, du\u015f kabinleri, banyo ve tuvalet ekipmanlar\u0131, seramik \u00fcr\u00fcnler ve fayanslardaki kire\u00e7, pas lekeleri, sabun lekeleri ve tuz birikintilerinin temizli\u011fi i\u00e7in uygundur. \u00c7\u0131kar\u0131lmas\u0131 zor ve eski kirlerden kurtulmaya yard\u0131mc\u0131 olur. Akrilik k\u00fcvetler i\u00e7in g\u00fcvenlidir. Y\u00fczeyi temiz ve parlak hale getirir ve etkisi 5 g\u00fcn boyunca devam eder.<\/p>\n","protected":false},"featured_media":482,"comment_status":"open","ping_status":"closed","template":"","meta":{"_acf_changed":false},"product_brand":[32],"product_cat":[27,15,29],"product_tag":[],"marketplace":[],"class_list":{"0":"post-85","1":"product","2":"type-product","3":"status-publish","4":"has-post-thumbnail","6":"product_brand-grass","7":"product_cat-household-products","8":"product_cat-uncategorized","9":"product_cat-wc","11":"first","12":"instock","13":"shipping-taxable","14":"purchasable","15":"product-type-simple"},"acf":[],"_links":{"self":[{"href":"https:\/\/grassglobe.com\/tr\/wp-json\/wp\/v2\/product\/85","targetHints":{"allow":["GET"]}}],"collection":[{"href":"https:\/\/grassglobe.com\/tr\/wp-json\/wp\/v2\/product"}],"about":[{"href":"https:\/\/grassglobe.com\/tr\/wp-json\/wp\/v2\/types\/product"}],"replies":[{"embeddable":true,"href":"https:\/\/grassglobe.com\/tr\/wp-json\/wp\/v2\/comments?post=85"}],"wp:featuredmedia":[{"embeddable":true,"href":"https:\/\/grassglobe.com\/tr\/wp-json\/wp\/v2\/media\/482"}],"wp:attachment":[{"href":"https:\/\/grassglobe.com\/tr\/wp-json\/wp\/v2\/media?parent=85"}],"wp:term":[{"taxonomy":"product_brand","embeddable":true,"href":"https:\/\/grassglobe.com\/tr\/wp-json\/wp\/v2\/product_brand?post=85"},{"taxonomy":"product_cat","embeddable":true,"href":"https:\/\/grassglobe.com\/tr\/wp-json\/wp\/v2\/product_cat?post=85"},{"taxonomy":"product_tag","embeddable":true,"href":"https:\/\/grassglobe.com\/tr\/wp-json\/wp\/v2\/product_tag?post=85"},{"taxonomy":"marketplace","embeddable":true,"href":"https:\/\/grassglobe.com\/tr\/wp-json\/wp\/v2\/marketplace?post=85"}],"curies":[{"name":"wp","href":"https:\/\/api.w.org\/{rel}","templated":true}]}}