{"id":253,"date":"2026-04-13T11:41:42","date_gmt":"2026-04-13T11:41:42","guid":{"rendered":"https:\/\/grassglobe.com\/en\/product\/gel-concentrate-for-washing-colored-laundry-grass-dory-15-l\/"},"modified":"2026-04-20T19:12:04","modified_gmt":"2026-04-20T19:12:04","slug":"gel-concentrate-for-washing-colored-laundry-grass-dory-15-l","status":"publish","type":"product","link":"https:\/\/grassglobe.com\/tr\/product\/gel-concentrate-for-washing-colored-laundry-grass-dory-15-l\/","title":{"rendered":"GRASS Dory 1,5 l renkli \u00e7ama\u015f\u0131r y\u0131kama konsantresi jel"},"content":{"rendered":"<p>Dory Color \u00e7ama\u015f\u0131r jeli. Y\u00fcn ve ipek hari\u00e7 renkli kuma\u015flardan yap\u0131lm\u0131\u015f e\u015fyalar\u0131n y\u0131kanmas\u0131 ve \u0131slat\u0131lmas\u0131 i\u00e7in tasarlanm\u0131\u015ft\u0131r. Her sertlikteki suda elde ve makinede y\u0131kamaya uygundur. Nazik Y\u0131kama teknolojisi, kuma\u015f liflerinin nazik ve etkili temizli\u011fini ve giysilerin hijyenik temizli\u011fini sa\u011flar. Do\u011fal i\u00e7erikler ho\u015f olmayan kokular\u0131 n\u00f6tralize eder. Y\u00fcksek i\u015flevli biyokomponentler, kuma\u015flar\u0131n deformasyonunu ve \u00e7ekmesini \u00f6nler ve rengi korur.<\/p>\n<p>&nbsp;<\/p>\n<p><strong>Kullan\u0131m talimatlar\u0131<\/strong><\/p>\n<p>\u00dcr\u00fcn etiketlerindeki \u00f6nerilere uyarak y\u0131kama y\u00f6ntemini ve su s\u0131cakl\u0131\u011f\u0131n\u0131 se\u00e7in. Kullanmadan \u00f6nce \u00fcr\u00fcn\u00fc \u00e7alkalay\u0131n. Orta derecede kirli \u00e7ama\u015f\u0131rlar i\u00e7in makinede y\u0131kamada 3-5 kg \u200b\u200b\u00e7ama\u015f\u0131r ba\u015f\u0131na 40 ml jel; \u00e7ok kirli \u00e7ama\u015f\u0131rlar i\u00e7in 100 ml kullan\u0131n. Elde y\u0131kama i\u00e7in jeli litre ba\u015f\u0131na 5 ml olacak \u015fekilde seyreltin. \u00c7ama\u015f\u0131rlar\u0131 60\u00b0C&#8217;yi ge\u00e7meyen bir s\u0131cakl\u0131kta y\u0131kaman\u0131z\u0131 \u00f6neririz.<\/p>\n","protected":false},"excerpt":{"rendered":"<p>Dory Color \u00e7ama\u015f\u0131r jeli. Y\u00fcn ve ipek hari\u00e7 renkli kuma\u015flardan yap\u0131lm\u0131\u015f e\u015fyalar\u0131n y\u0131kanmas\u0131 ve \u0131slat\u0131lmas\u0131 i\u00e7in tasarlanm\u0131\u015ft\u0131r. Her sertlikteki suda elde ve makinede y\u0131kamaya uygundur. Nazik Y\u0131kama teknolojisi, kuma\u015f liflerinin nazik ve etkili temizli\u011fini ve giysilerin hijyenik temizli\u011fini sa\u011flar. Do\u011fal i\u00e7erikler ho\u015f olmayan kokular\u0131 n\u00f6tralize eder. Y\u00fcksek i\u015flevli biyokomponentler, kuma\u015flar\u0131n deformasyonunu ve \u00e7ekmesini \u00f6nler ve [&hellip;]<\/p>\n","protected":false},"featured_media":491,"comment_status":"open","ping_status":"closed","template":"","meta":{"_acf_changed":false},"product_brand":[32],"product_cat":[27,39],"product_tag":[],"marketplace":[],"class_list":{"0":"post-253","1":"product","2":"type-product","3":"status-publish","4":"has-post-thumbnail","6":"product_brand-grass","7":"product_cat-household-products","8":"product_cat-laundry","10":"first","11":"instock","12":"shipping-taxable","13":"purchasable","14":"product-type-simple"},"acf":[],"_links":{"self":[{"href":"https:\/\/grassglobe.com\/tr\/wp-json\/wp\/v2\/product\/253","targetHints":{"allow":["GET"]}}],"collection":[{"href":"https:\/\/grassglobe.com\/tr\/wp-json\/wp\/v2\/product"}],"about":[{"href":"https:\/\/grassglobe.com\/tr\/wp-json\/wp\/v2\/types\/product"}],"replies":[{"embeddable":true,"href":"https:\/\/grassglobe.com\/tr\/wp-json\/wp\/v2\/comments?post=253"}],"wp:featuredmedia":[{"embeddable":true,"href":"https:\/\/grassglobe.com\/tr\/wp-json\/wp\/v2\/media\/491"}],"wp:attachment":[{"href":"https:\/\/grassglobe.com\/tr\/wp-json\/wp\/v2\/media?parent=253"}],"wp:term":[{"taxonomy":"product_brand","embeddable":true,"href":"https:\/\/grassglobe.com\/tr\/wp-json\/wp\/v2\/product_brand?post=253"},{"taxonomy":"product_cat","embeddable":true,"href":"https:\/\/grassglobe.com\/tr\/wp-json\/wp\/v2\/product_cat?post=253"},{"taxonomy":"product_tag","embeddable":true,"href":"https:\/\/grassglobe.com\/tr\/wp-json\/wp\/v2\/product_tag?post=253"},{"taxonomy":"marketplace","embeddable":true,"href":"https:\/\/grassglobe.com\/tr\/wp-json\/wp\/v2\/marketplace?post=253"}],"curies":[{"name":"wp","href":"https:\/\/api.w.org\/{rel}","templated":true}]}}