{"id":237,"date":"2026-04-01T13:39:58","date_gmt":"2026-04-01T13:39:58","guid":{"rendered":"https:\/\/grassglobe.com\/en\/product\/polishing-agent-grass-black-rubber-600-ml\/"},"modified":"2026-04-20T20:09:08","modified_gmt":"2026-04-20T20:09:08","slug":"black-rubber-600-ml","status":"publish","type":"product","link":"https:\/\/grassglobe.com\/tr\/product\/black-rubber-600-ml\/","title":{"rendered":"GRASS &#8220;Black rubber&#8221; parlat\u0131c\u0131 madde 600 ml"},"content":{"rendered":"<p>Profesyonel su bazl\u0131 form\u00fcl, lastiklerin yan\u0131 s\u0131ra di\u011fer kau\u00e7uk ara\u00e7 par\u00e7alar\u0131n\u0131 temizlemek ve parlatmak i\u00e7in kullan\u0131l\u0131r. Siyah rengi geri kazand\u0131r\u0131r, y\u00fczeyi yeniler ve parlak bir g\u00f6r\u00fcn\u00fcm verir. Lasti\u011fin \u00e7atlamas\u0131n\u0131, eskimesini ve solmas\u0131n\u0131 \u00f6nler. Y\u00fczeye antistatik etki kazand\u0131r\u0131r.<\/p>\n<p>&nbsp;<\/p>\n<p><strong>Kullan\u0131m \u015eekli<\/strong><br \/>\nParlat\u0131c\u0131y\u0131 temiz ve kuru bir y\u00fczeye sprey \u015fi\u015fesi kullanarak uygulay\u0131n. \u00dcr\u00fcn\u00fc s\u00fcnger veya temiz bir bezle de uygulayabilirsiniz. Uygulamadan sonra, dairesel hareketlerle parlat\u0131c\u0131y\u0131 y\u00fczeye yedirin ve tamamen kurumas\u0131n\u0131 bekleyin. Cam ve aynalarla temas\u0131ndan ka\u00e7\u0131n\u0131n.<\/p>\n","protected":false},"excerpt":{"rendered":"<p>Profesyonel su bazl\u0131 form\u00fcl, lastiklerin yan\u0131 s\u0131ra di\u011fer kau\u00e7uk ara\u00e7 par\u00e7alar\u0131n\u0131 temizlemek ve parlatmak i\u00e7in kullan\u0131l\u0131r. Siyah rengi geri kazand\u0131r\u0131r, y\u00fczeyi yeniler ve parlak bir g\u00f6r\u00fcn\u00fcm verir. Lasti\u011fin \u00e7atlamas\u0131n\u0131, eskimesini ve solmas\u0131n\u0131 \u00f6nler. Y\u00fczeye antistatik etki kazand\u0131r\u0131r. &nbsp; Kullan\u0131m \u015eekli Parlat\u0131c\u0131y\u0131 temiz ve kuru bir y\u00fczeye sprey \u015fi\u015fesi kullanarak uygulay\u0131n. \u00dcr\u00fcn\u00fc s\u00fcnger veya temiz bir [&hellip;]<\/p>\n","protected":false},"featured_media":496,"comment_status":"open","ping_status":"closed","template":"","meta":{"_acf_changed":false},"product_brand":[32],"product_cat":[22,37,36,15],"product_tag":[],"marketplace":[],"class_list":{"0":"post-237","1":"product","2":"type-product","3":"status-publish","4":"has-post-thumbnail","6":"product_brand-grass","7":"product_cat-car-care-products","8":"product_cat-retail-products","9":"product_cat-tire-dressing","10":"product_cat-uncategorized","12":"first","13":"instock","14":"shipping-taxable","15":"purchasable","16":"product-type-simple"},"acf":[],"_links":{"self":[{"href":"https:\/\/grassglobe.com\/tr\/wp-json\/wp\/v2\/product\/237","targetHints":{"allow":["GET"]}}],"collection":[{"href":"https:\/\/grassglobe.com\/tr\/wp-json\/wp\/v2\/product"}],"about":[{"href":"https:\/\/grassglobe.com\/tr\/wp-json\/wp\/v2\/types\/product"}],"replies":[{"embeddable":true,"href":"https:\/\/grassglobe.com\/tr\/wp-json\/wp\/v2\/comments?post=237"}],"wp:featuredmedia":[{"embeddable":true,"href":"https:\/\/grassglobe.com\/tr\/wp-json\/wp\/v2\/media\/496"}],"wp:attachment":[{"href":"https:\/\/grassglobe.com\/tr\/wp-json\/wp\/v2\/media?parent=237"}],"wp:term":[{"taxonomy":"product_brand","embeddable":true,"href":"https:\/\/grassglobe.com\/tr\/wp-json\/wp\/v2\/product_brand?post=237"},{"taxonomy":"product_cat","embeddable":true,"href":"https:\/\/grassglobe.com\/tr\/wp-json\/wp\/v2\/product_cat?post=237"},{"taxonomy":"product_tag","embeddable":true,"href":"https:\/\/grassglobe.com\/tr\/wp-json\/wp\/v2\/product_tag?post=237"},{"taxonomy":"marketplace","embeddable":true,"href":"https:\/\/grassglobe.com\/tr\/wp-json\/wp\/v2\/marketplace?post=237"}],"curies":[{"name":"wp","href":"https:\/\/api.w.org\/{rel}","templated":true}]}}