{"id":229,"date":"2026-04-01T13:39:57","date_gmt":"2026-04-01T13:39:57","guid":{"rendered":"https:\/\/grassglobe.com\/en\/product\/polishing-agent-grass-black-brilliance-600-ml\/"},"modified":"2026-04-20T20:16:59","modified_gmt":"2026-04-20T20:16:59","slug":"black-brilliance-600-ml","status":"publish","type":"product","link":"https:\/\/grassglobe.com\/tr\/product\/black-brilliance-600-ml\/","title":{"rendered":"GRASS &#8220;Black brilliance&#8221; Parlat\u0131c\u0131 Madde 600 ml"},"content":{"rendered":"<p>Maddeyi yak\u0131n mesafeden bir p\u00fcsk\u00fcrt\u00fcc\u00fc yard\u0131m\u0131yla y\u00fczeye uygulay\u0131n. Polirol, s\u00fcnger veya temiz bir bez mendil yard\u0131m\u0131yla da uygulanabilir. Uygulad\u0131ktan sonra, maddeyi dairesel hareketlerle y\u00fczeye yay\u0131n ve tamamen kurumas\u0131n\u0131 bekleyin.<\/p>\n<p>&nbsp;<\/p>\n<p><strong>Uygulama Talimatlar\u0131<\/strong><br \/>\nY\u00fczeye yak\u0131n mesafeden p\u00fcsk\u00fcrtme tabancas\u0131yla uygulay\u0131n. Cila, s\u00fcnger veya temiz bir bezle de uygulanabilir. Uygulamadan sonra, dairesel hareketlerle cilay\u0131 y\u00fczeye yedirin ve tamamen kurumas\u0131n\u0131 bekleyin.<\/p>\n","protected":false},"excerpt":{"rendered":"<p>Maddeyi yak\u0131n mesafeden bir p\u00fcsk\u00fcrt\u00fcc\u00fc yard\u0131m\u0131yla y\u00fczeye uygulay\u0131n. Polirol, s\u00fcnger veya temiz bir bez mendil yard\u0131m\u0131yla da uygulanabilir. Uygulad\u0131ktan sonra, maddeyi dairesel hareketlerle y\u00fczeye yay\u0131n ve tamamen kurumas\u0131n\u0131 bekleyin. &nbsp; Uygulama Talimatlar\u0131 Y\u00fczeye yak\u0131n mesafeden p\u00fcsk\u00fcrtme tabancas\u0131yla uygulay\u0131n. Cila, s\u00fcnger veya temiz bir bezle de uygulanabilir. Uygulamadan sonra, dairesel hareketlerle cilay\u0131 y\u00fczeye yedirin ve tamamen [&hellip;]<\/p>\n","protected":false},"featured_media":498,"comment_status":"open","ping_status":"closed","template":"","meta":{"_acf_changed":false},"product_brand":[],"product_cat":[22,37,36,15],"product_tag":[],"marketplace":[],"class_list":{"0":"post-229","1":"product","2":"type-product","3":"status-publish","4":"has-post-thumbnail","6":"product_cat-car-care-products","7":"product_cat-retail-products","8":"product_cat-tire-dressing","9":"product_cat-uncategorized","11":"first","12":"instock","13":"shipping-taxable","14":"purchasable","15":"product-type-simple"},"acf":[],"_links":{"self":[{"href":"https:\/\/grassglobe.com\/tr\/wp-json\/wp\/v2\/product\/229","targetHints":{"allow":["GET"]}}],"collection":[{"href":"https:\/\/grassglobe.com\/tr\/wp-json\/wp\/v2\/product"}],"about":[{"href":"https:\/\/grassglobe.com\/tr\/wp-json\/wp\/v2\/types\/product"}],"replies":[{"embeddable":true,"href":"https:\/\/grassglobe.com\/tr\/wp-json\/wp\/v2\/comments?post=229"}],"wp:featuredmedia":[{"embeddable":true,"href":"https:\/\/grassglobe.com\/tr\/wp-json\/wp\/v2\/media\/498"}],"wp:attachment":[{"href":"https:\/\/grassglobe.com\/tr\/wp-json\/wp\/v2\/media?parent=229"}],"wp:term":[{"taxonomy":"product_brand","embeddable":true,"href":"https:\/\/grassglobe.com\/tr\/wp-json\/wp\/v2\/product_brand?post=229"},{"taxonomy":"product_cat","embeddable":true,"href":"https:\/\/grassglobe.com\/tr\/wp-json\/wp\/v2\/product_cat?post=229"},{"taxonomy":"product_tag","embeddable":true,"href":"https:\/\/grassglobe.com\/tr\/wp-json\/wp\/v2\/product_tag?post=229"},{"taxonomy":"marketplace","embeddable":true,"href":"https:\/\/grassglobe.com\/tr\/wp-json\/wp\/v2\/marketplace?post=229"}],"curies":[{"name":"wp","href":"https:\/\/api.w.org\/{rel}","templated":true}]}}