{"id":198,"date":"2026-04-01T13:39:19","date_gmt":"2026-04-01T13:39:19","guid":{"rendered":"https:\/\/grassglobe.com\/en\/product\/detergent-grass-active-foam-red-1-l\/"},"modified":"2026-04-13T09:30:14","modified_gmt":"2026-04-13T09:30:14","slug":"detergent-grass-active-foam-red-1-l","status":"publish","type":"product","link":"https:\/\/grassglobe.com\/tr\/product\/detergent-grass-active-foam-red-1-l\/","title":{"rendered":"Detergent GRASS &#8220;Active Foam Red&#8221; 1 l"},"content":{"rendered":"<p>Binek ve y\u00fck ta\u015f\u0131mac\u0131l\u0131\u011f\u0131n\u0131n temass\u0131z y\u0131kanmas\u0131 i\u00e7in konsantre bir ara\u00e7. Yol tozunu, kiri, ya\u011f\u0131, b\u00f6cek izlerini kolayca temizler. Y\u00fczeyden kolayca y\u0131kanabilen pembe renkte dayan\u0131kl\u0131 bir k\u00f6p\u00fck olu\u015fturur. Al\u00fcminyum, nikel kapl\u0131 y\u00fczeylere ve demir d\u0131\u015f\u0131 metal ala\u015f\u0131mlar\u0131ndan yap\u0131lm\u0131\u015f di\u011fer kaplamalara zarar vermez. Antikorozif katk\u0131 maddeleri i\u00e7erir. Uygulama metodu: binek ara\u00e7 ba\u015f\u0131na t\u00fcketim 80-125 g konsantre olmal\u0131d\u0131r. 1. Uygulamadan \u00f6nce, madde, kirlenme derecesine ba\u011fl\u0131 olarak, k\u00f6p\u00fck yap\u0131c\u0131 i\u00e7in (25, 50, 100 L) 20-30 g \/ l oran\u0131nda veya k\u00f6p\u00fck setinde (1 L) 200-500 g oran\u0131nda su ile seyreltilmelidir. 2. \u00dcst kir tabakas\u0131n\u0131 y\u00fczeyden uzakla\u015ft\u0131r\u0131n, ard\u0131ndan lekeleri \u00f6nlemek i\u00e7in seyreltilmi\u015f bile\u015fimi a\u015fa\u011f\u0131dan yukar\u0131ya do\u011fru uygulay\u0131n. 3. 1-2 dakika bekletin, kurumaya izin vermeyin! 4. A\u015fa\u011f\u0131dan yukar\u0131ya do\u011fru yak\u0131n mesafeden (15-20 cm) y\u00fcksek bas\u0131n\u00e7l\u0131 suyla iyice durulay\u0131n.<\/p>\n","protected":false},"excerpt":{"rendered":"<p>Binek ve y\u00fck ta\u015f\u0131mac\u0131l\u0131\u011f\u0131n\u0131n temass\u0131z y\u0131kanmas\u0131 i\u00e7in konsantre bir ara\u00e7. Yol tozunu, kiri, ya\u011f\u0131, b\u00f6cek izlerini kolayca temizler. Y\u00fczeyden kolayca y\u0131kanabilen pembe renkte dayan\u0131kl\u0131 bir k\u00f6p\u00fck olu\u015fturur. Al\u00fcminyum, nikel kapl\u0131 y\u00fczeylere ve demir d\u0131\u015f\u0131 metal ala\u015f\u0131mlar\u0131ndan yap\u0131lm\u0131\u015f di\u011fer kaplamalara zarar vermez. Antikorozif katk\u0131 maddeleri i\u00e7erir. Uygulama metodu: binek ara\u00e7 ba\u015f\u0131na t\u00fcketim 80-125 g konsantre olmal\u0131d\u0131r. [&hellip;]<\/p>\n","protected":false},"featured_media":0,"comment_status":"open","ping_status":"closed","template":"","meta":{"_acf_changed":false},"product_brand":[],"product_cat":[22,33],"product_tag":[],"marketplace":[],"class_list":{"0":"post-198","1":"product","2":"type-product","3":"status-publish","5":"product_cat-car-care-products","6":"product_cat-touchless-shampoo","8":"first","9":"instock","10":"shipping-taxable","11":"purchasable","12":"product-type-simple"},"acf":[],"_links":{"self":[{"href":"https:\/\/grassglobe.com\/tr\/wp-json\/wp\/v2\/product\/198","targetHints":{"allow":["GET"]}}],"collection":[{"href":"https:\/\/grassglobe.com\/tr\/wp-json\/wp\/v2\/product"}],"about":[{"href":"https:\/\/grassglobe.com\/tr\/wp-json\/wp\/v2\/types\/product"}],"replies":[{"embeddable":true,"href":"https:\/\/grassglobe.com\/tr\/wp-json\/wp\/v2\/comments?post=198"}],"wp:attachment":[{"href":"https:\/\/grassglobe.com\/tr\/wp-json\/wp\/v2\/media?parent=198"}],"wp:term":[{"taxonomy":"product_brand","embeddable":true,"href":"https:\/\/grassglobe.com\/tr\/wp-json\/wp\/v2\/product_brand?post=198"},{"taxonomy":"product_cat","embeddable":true,"href":"https:\/\/grassglobe.com\/tr\/wp-json\/wp\/v2\/product_cat?post=198"},{"taxonomy":"product_tag","embeddable":true,"href":"https:\/\/grassglobe.com\/tr\/wp-json\/wp\/v2\/product_tag?post=198"},{"taxonomy":"marketplace","embeddable":true,"href":"https:\/\/grassglobe.com\/tr\/wp-json\/wp\/v2\/marketplace?post=198"}],"curies":[{"name":"wp","href":"https:\/\/api.w.org\/{rel}","templated":true}]}}