{"id":136,"date":"2026-03-31T08:07:07","date_gmt":"2026-03-31T08:07:07","guid":{"rendered":"https:\/\/grassglobe.com\/en\/product\/grass-velly-light-green-apple-dishwashing-detergent-5-kg\/"},"modified":"2026-04-20T13:13:07","modified_gmt":"2026-04-20T13:13:07","slug":"grass-velly-light-green-apple-dishwashing-detergent-5-kg","status":"publish","type":"product","link":"https:\/\/grassglobe.com\/tr\/product\/grass-velly-light-green-apple-dishwashing-detergent-5-kg\/","title":{"rendered":"GRASS &#8220;Velly&#8221; light green apple dishwashing detergent 5 kg"},"content":{"rendered":"<p>&#8220;Velly&#8221; bula\u015f\u0131k deterjan\u0131. Konsantre form\u00fcl\u00fc her t\u00fcrl\u00fc kirle ba\u015fa \u00e7\u0131kar. Sadece bir damla deterjan, hem s\u0131cak hem de so\u011fuk suda bula\u015f\u0131klar\u0131 m\u00fckemmel \u015fekilde y\u0131kayabilen, ya\u011f\u0131 gideren zengin bir k\u00f6p\u00fck olu\u015fturur. Ellere nazik davran\u0131r. Deterjan suyla tamamen durulan\u0131r ve bula\u015f\u0131klar p\u0131r\u0131l p\u0131r\u0131l temiz kal\u0131r.<\/p>\n<p>&nbsp;<\/p>\n<p><strong>Kullan\u0131m Talimatlar\u0131<\/strong><br \/>\n\u00dcr\u00fcnden az miktarda bir s\u00fcngere uygulay\u0131n, k\u00f6p\u00fcrt\u00fcn, k\u00f6p\u00fckle bula\u015f\u0131klar\u0131 y\u0131kay\u0131n ve suyla durulay\u0131n.<\/p>\n","protected":false},"excerpt":{"rendered":"<p>&#8220;Velly&#8221; bula\u015f\u0131k deterjan\u0131. Konsantre form\u00fcl\u00fc her t\u00fcrl\u00fc kirle ba\u015fa \u00e7\u0131kar. Sadece bir damla deterjan, hem s\u0131cak hem de so\u011fuk suda bula\u015f\u0131klar\u0131 m\u00fckemmel \u015fekilde y\u0131kayabilen, ya\u011f\u0131 gideren zengin bir k\u00f6p\u00fck olu\u015fturur. Ellere nazik davran\u0131r. Deterjan suyla tamamen durulan\u0131r ve bula\u015f\u0131klar p\u0131r\u0131l p\u0131r\u0131l temiz kal\u0131r. &nbsp; Kullan\u0131m Talimatlar\u0131 \u00dcr\u00fcnden az miktarda bir s\u00fcngere uygulay\u0131n, k\u00f6p\u00fcrt\u00fcn, k\u00f6p\u00fckle bula\u015f\u0131klar\u0131 [&hellip;]<\/p>\n","protected":false},"featured_media":471,"comment_status":"open","ping_status":"closed","template":"","meta":{"_acf_changed":false},"product_brand":[32],"product_cat":[27,28,44,41],"product_tag":[],"marketplace":[],"class_list":{"0":"post-136","1":"product","2":"type-product","3":"status-publish","4":"has-post-thumbnail","6":"product_brand-grass","7":"product_cat-household-products","8":"product_cat-kitchen-cleaners","9":"product_cat-kitchen","10":"product_cat-professional-cleaning","12":"first","13":"instock","14":"shipping-taxable","15":"purchasable","16":"product-type-simple"},"acf":[],"_links":{"self":[{"href":"https:\/\/grassglobe.com\/tr\/wp-json\/wp\/v2\/product\/136","targetHints":{"allow":["GET"]}}],"collection":[{"href":"https:\/\/grassglobe.com\/tr\/wp-json\/wp\/v2\/product"}],"about":[{"href":"https:\/\/grassglobe.com\/tr\/wp-json\/wp\/v2\/types\/product"}],"replies":[{"embeddable":true,"href":"https:\/\/grassglobe.com\/tr\/wp-json\/wp\/v2\/comments?post=136"}],"wp:featuredmedia":[{"embeddable":true,"href":"https:\/\/grassglobe.com\/tr\/wp-json\/wp\/v2\/media\/471"}],"wp:attachment":[{"href":"https:\/\/grassglobe.com\/tr\/wp-json\/wp\/v2\/media?parent=136"}],"wp:term":[{"taxonomy":"product_brand","embeddable":true,"href":"https:\/\/grassglobe.com\/tr\/wp-json\/wp\/v2\/product_brand?post=136"},{"taxonomy":"product_cat","embeddable":true,"href":"https:\/\/grassglobe.com\/tr\/wp-json\/wp\/v2\/product_cat?post=136"},{"taxonomy":"product_tag","embeddable":true,"href":"https:\/\/grassglobe.com\/tr\/wp-json\/wp\/v2\/product_tag?post=136"},{"taxonomy":"marketplace","embeddable":true,"href":"https:\/\/grassglobe.com\/tr\/wp-json\/wp\/v2\/marketplace?post=136"}],"curies":[{"name":"wp","href":"https:\/\/api.w.org\/{rel}","templated":true}]}}