{"id":9,"date":"2026-03-15T12:18:53","date_gmt":"2026-03-15T12:18:53","guid":{"rendered":"https:\/\/grassglobe.com\/cart\/"},"modified":"2026-03-15T12:38:16","modified_gmt":"2026-03-15T12:38:16","slug":"cart","status":"publish","type":"page","link":"https:\/\/grassglobe.com\/tr\/cart\/","title":{"rendered":"Cart"},"content":{"rendered":"\n<div data-block-name=\"woocommerce\/cart\" class=\"wp-block-woocommerce-cart alignwide is-loading\">\n<div data-block-name=\"woocommerce\/filled-cart-block\" class=\"wp-block-woocommerce-filled-cart-block\">\n<div data-block-name=\"woocommerce\/cart-items-block\" class=\"wp-block-woocommerce-cart-items-block\">\n<div data-block-name=\"woocommerce\/cart-line-items-block\" class=\"wp-block-woocommerce-cart-line-items-block\"><\/div>\n\n\n<\/div>\n\n\n\n\n<div data-block-name=\"woocommerce\/cart-totals-block\" class=\"wp-block-woocommerce-cart-totals-block\">\n<div data-block-name=\"woocommerce\/cart-order-summary-block\" class=\"wp-block-woocommerce-cart-order-summary-block\">\n<div data-block-name=\"woocommerce\/cart-order-summary-heading-block\" class=\"wp-block-woocommerce-cart-order-summary-heading-block\"><\/div><div data-block-name=\"woocommerce\/cart-order-summary-coupon-form-block\" class=\"wp-block-woocommerce-cart-order-summary-coupon-form-block\"><\/div><div data-block-name=\"woocommerce\/cart-order-summary-totals-block\" class=\"wp-block-woocommerce-cart-order-summary-totals-block\">\n<div data-block-name=\"woocommerce\/cart-order-summary-subtotal-block\" class=\"wp-block-woocommerce-cart-order-summary-subtotal-block\"><\/div>\n<div data-block-name=\"woocommerce\/cart-order-summary-discount-block\" class=\"wp-block-woocommerce-cart-order-summary-discount-block\"><\/div>\n<div data-block-name=\"woocommerce\/cart-order-summary-fee-block\" class=\"wp-block-woocommerce-cart-order-summary-fee-block\"><\/div>\n<div data-block-name=\"woocommerce\/cart-order-summary-shipping-block\" class=\"wp-block-woocommerce-cart-order-summary-shipping-block\"><\/div>\n<div data-block-name=\"woocommerce\/cart-order-summary-taxes-block\" class=\"wp-block-woocommerce-cart-order-summary-taxes-block\"><\/div><\/div>\n<\/div>\n\n\n\n<div data-block-name=\"woocommerce\/cart-express-payment-block\" class=\"wp-block-woocommerce-cart-express-payment-block\"><\/div>\n\n\n\n<div data-block-name=\"woocommerce\/proceed-to-checkout-block\" class=\"wp-block-woocommerce-proceed-to-checkout-block\"><\/div>\n\n\n\n<div data-block-name=\"woocommerce\/cart-accepted-payment-methods-block\" class=\"wp-block-woocommerce-cart-accepted-payment-methods-block\"><\/div>\n<\/div>\n<\/div>\n\n\n\n<div data-block-name=\"woocommerce\/empty-cart-block\" class=\"wp-block-woocommerce-empty-cart-block\">\n<h2 class=\"wp-block-heading has-text-align-center with-empty-cart-icon wc-block-cart__empty-cart__title\">Your cart is currently empty!<\/h2>\n\n\n\n<hr class=\"wp-block-separator has-alpha-channel-opacity is-style-dots\"\/>\n\n\n\n<h2 class=\"wp-block-heading has-text-align-center\">New in store<\/h2>\n\n\n<div data-block-name=\"woocommerce\/product-new\" data-columns=\"4\" data-rows=\"1\" class=\"wc-block-grid wp-block-product-new wp-block-woocommerce-product-new wc-block-product-new has-4-columns\"><ul class=\"wc-block-grid__products\"><li class=\"wc-block-grid__product\">\n\t\t\t\t<a href=\"https:\/\/grassglobe.com\/tr\/product\/cleaning-agent-grass-degreaser-600-ml\/\" class=\"wc-block-grid__product-link\">\n\t\t\t\t\t\n\t\t\t\t\t<div class=\"wc-block-grid__product-image\"><img loading=\"lazy\" decoding=\"async\" width=\"300\" height=\"300\" src=\"https:\/\/grassglobe.com\/wp-content\/uploads\/2026\/04\/Degreaser-2-300x300.png\" class=\"attachment-woocommerce_thumbnail size-woocommerce_thumbnail\" alt=\"Cleaning agent GRASS &quot;Degreaser&quot; 600 ml\" srcset=\"https:\/\/grassglobe.com\/wp-content\/uploads\/2026\/04\/Degreaser-2-300x300.png 300w, https:\/\/grassglobe.com\/wp-content\/uploads\/2026\/04\/Degreaser-2-1024x1024.png 1024w, https:\/\/grassglobe.com\/wp-content\/uploads\/2026\/04\/Degreaser-2-150x150.png 150w, https:\/\/grassglobe.com\/wp-content\/uploads\/2026\/04\/Degreaser-2-768x768.png 768w, https:\/\/grassglobe.com\/wp-content\/uploads\/2026\/04\/Degreaser-2-1536x1536.png 1536w, https:\/\/grassglobe.com\/wp-content\/uploads\/2026\/04\/Degreaser-2-2048x2048.png 2048w, https:\/\/grassglobe.com\/wp-content\/uploads\/2026\/04\/Degreaser-2-600x600.png 600w, https:\/\/grassglobe.com\/wp-content\/uploads\/2026\/04\/Degreaser-2-100x100.png 100w\" sizes=\"auto, (max-width: 300px) 100vw, 300px\" \/><\/div>\n\t\t\t\t\t<div class=\"wc-block-grid__product-title\">Cleaning agent GRASS &#8220;Degreaser&#8221; 600 ml<\/div>\n\t\t\t\t<\/a>\n\t\t\t\t<div class=\"wc-block-grid__product-price price\"><span class=\"woocommerce-Price-amount amount\"><span class=\"woocommerce-Price-currencySymbol\">&#8378;<\/span>229,00<\/span><\/div>\n\t\t\t\t\n\t\t\t\t<div class=\"wp-block-button wc-block-grid__product-add-to-cart\"><a href=\"\/tr\/wp-json\/wp\/v2\/pages\/9?add-to-cart=277\" aria-label=\"Sepete ekle: \u201cCleaning agent GRASS &quot;Degreaser&quot; 600 ml\u201d\" data-quantity=\"1\" data-product_id=\"277\" data-product_sku=\"800867\" data-price=\"229\" rel=\"nofollow\" class=\"wp-block-button__link wp-element-button add_to_cart_button ajax_add_to_cart\">Sepete Ekle<\/a><\/div>\n\t\t\t<\/li><li class=\"wc-block-grid__product\">\n\t\t\t\t<a href=\"https:\/\/grassglobe.com\/tr\/product\/cleaning-agent-grass-kitchen-cleaner-600-ml\/\" class=\"wc-block-grid__product-link\">\n\t\t\t\t\t\n\t\t\t\t\t<div class=\"wc-block-grid__product-image\"><img loading=\"lazy\" decoding=\"async\" width=\"300\" height=\"300\" src=\"https:\/\/grassglobe.com\/wp-content\/uploads\/2026\/04\/Kitchen-cleaner-300x300.png\" class=\"attachment-woocommerce_thumbnail size-woocommerce_thumbnail\" alt=\"Cleaning agent GRASS &quot;Kitchen Cleaner&quot; 600 ml\" srcset=\"https:\/\/grassglobe.com\/wp-content\/uploads\/2026\/04\/Kitchen-cleaner-300x300.png 300w, https:\/\/grassglobe.com\/wp-content\/uploads\/2026\/04\/Kitchen-cleaner-1024x1024.png 1024w, https:\/\/grassglobe.com\/wp-content\/uploads\/2026\/04\/Kitchen-cleaner-150x150.png 150w, https:\/\/grassglobe.com\/wp-content\/uploads\/2026\/04\/Kitchen-cleaner-768x768.png 768w, https:\/\/grassglobe.com\/wp-content\/uploads\/2026\/04\/Kitchen-cleaner-600x600.png 600w, https:\/\/grassglobe.com\/wp-content\/uploads\/2026\/04\/Kitchen-cleaner-100x100.png 100w, https:\/\/grassglobe.com\/wp-content\/uploads\/2026\/04\/Kitchen-cleaner.png 1200w\" sizes=\"auto, (max-width: 300px) 100vw, 300px\" \/><\/div>\n\t\t\t\t\t<div class=\"wc-block-grid__product-title\">Cleaning agent GRASS &#8220;Kitchen Cleaner&#8221; 600 ml<\/div>\n\t\t\t\t<\/a>\n\t\t\t\t<div class=\"wc-block-grid__product-price price\"><span class=\"woocommerce-Price-amount amount\" aria-hidden=\"true\"><span class=\"woocommerce-Price-currencySymbol\">&#8378;<\/span>100,00<\/span> <span aria-hidden=\"true\"> \u2013 <\/span> <span class=\"woocommerce-Price-amount amount\" aria-hidden=\"true\"><span class=\"woocommerce-Price-currencySymbol\">&#8378;<\/span>555,00<\/span><span class=\"screen-reader-text\">Fiyat aral\u0131\u011f\u0131: &#8378;100,00 &#8211; &#8378;555,00<\/span><\/div>\n\t\t\t\t\n\t\t\t\t<div class=\"wp-block-button wc-block-grid__product-add-to-cart\"><a href=\"https:\/\/grassglobe.com\/tr\/product\/cleaning-agent-grass-kitchen-cleaner-600-ml\/\" aria-label=\"&ldquo;Cleaning agent GRASS &quot;Kitchen Cleaner&quot; 600 ml&rdquo; i\u00e7in se\u00e7enekleri se\u00e7in\" data-quantity=\"1\" data-product_id=\"276\" data-product_sku=\"800841\" data-price=\"299\" rel=\"nofollow\" class=\"wp-block-button__link wp-element-button add_to_cart_button\">Se\u00e7enekler<\/a><\/div>\n\t\t\t<\/li><li class=\"wc-block-grid__product\">\n\t\t\t\t<a href=\"https:\/\/grassglobe.com\/tr\/product\/gel-concentrate-for-washing-white-laundry-grass-dory-1-5-l\/\" class=\"wc-block-grid__product-link\">\n\t\t\t\t\t\n\t\t\t\t\t<div class=\"wc-block-grid__product-image\"><img loading=\"lazy\" decoding=\"async\" width=\"300\" height=\"300\" src=\"https:\/\/grassglobe.com\/wp-content\/uploads\/woocommerce-placeholder-300x300.webp\" class=\"woocommerce-placeholder wp-post-image\" alt=\"\" srcset=\"https:\/\/grassglobe.com\/wp-content\/uploads\/woocommerce-placeholder-300x300.webp 300w, https:\/\/grassglobe.com\/wp-content\/uploads\/woocommerce-placeholder-100x100.webp 100w, https:\/\/grassglobe.com\/wp-content\/uploads\/woocommerce-placeholder-600x600.webp 600w, https:\/\/grassglobe.com\/wp-content\/uploads\/woocommerce-placeholder-1024x1024.webp 1024w, https:\/\/grassglobe.com\/wp-content\/uploads\/woocommerce-placeholder-150x150.webp 150w, https:\/\/grassglobe.com\/wp-content\/uploads\/woocommerce-placeholder-768x768.webp 768w, https:\/\/grassglobe.com\/wp-content\/uploads\/woocommerce-placeholder.webp 1200w\" sizes=\"auto, (max-width: 300px) 100vw, 300px\" \/><\/div>\n\t\t\t\t\t<div class=\"wc-block-grid__product-title\">Gel concentrate for washing white laundry GRASS &#8220;Dory&#8221; 1.5 l<\/div>\n\t\t\t\t<\/a>\n\t\t\t\t<div class=\"wc-block-grid__product-price price\"><span class=\"woocommerce-Price-amount amount\"><span class=\"woocommerce-Price-currencySymbol\">&#8378;<\/span>0,00<\/span><\/div>\n\t\t\t\t\n\t\t\t\t<div class=\"wp-block-button wc-block-grid__product-add-to-cart\"><a href=\"https:\/\/grassglobe.com\/tr\/product\/gel-concentrate-for-washing-white-laundry-grass-dory-1-5-l\/\" aria-label=\"&ldquo;Gel concentrate for washing white laundry GRASS &quot;Dory&quot; 1.5 l&rdquo; hakk\u0131nda daha fazla bilgi edinin\" data-quantity=\"1\" data-product_id=\"275\" data-product_sku=\"125919\" data-price=\"0\" rel=\"nofollow\" class=\"wp-block-button__link wp-element-button add_to_cart_button\">Devam\u0131n\u0131 oku<\/a><\/div>\n\t\t\t<\/li><li class=\"wc-block-grid__product\">\n\t\t\t\t<a href=\"https:\/\/grassglobe.com\/tr\/product\/grass-g-oxi-spray-600-ml\/\" class=\"wc-block-grid__product-link\">\n\t\t\t\t\t\n\t\t\t\t\t<div class=\"wc-block-grid__product-image\"><img loading=\"lazy\" decoding=\"async\" width=\"300\" height=\"300\" src=\"https:\/\/grassglobe.com\/wp-content\/uploads\/2026\/04\/125494_G-oxi_white_600ml-300x300.png\" class=\"attachment-woocommerce_thumbnail size-woocommerce_thumbnail\" alt=\"Stain remover-bleach GRASS &quot;G-oxi spray&quot; 600 ml\" srcset=\"https:\/\/grassglobe.com\/wp-content\/uploads\/2026\/04\/125494_G-oxi_white_600ml-300x300.png 300w, https:\/\/grassglobe.com\/wp-content\/uploads\/2026\/04\/125494_G-oxi_white_600ml-1024x1024.png 1024w, https:\/\/grassglobe.com\/wp-content\/uploads\/2026\/04\/125494_G-oxi_white_600ml-150x150.png 150w, https:\/\/grassglobe.com\/wp-content\/uploads\/2026\/04\/125494_G-oxi_white_600ml-768x768.png 768w, https:\/\/grassglobe.com\/wp-content\/uploads\/2026\/04\/125494_G-oxi_white_600ml-1536x1536.png 1536w, https:\/\/grassglobe.com\/wp-content\/uploads\/2026\/04\/125494_G-oxi_white_600ml-2048x2048.png 2048w, https:\/\/grassglobe.com\/wp-content\/uploads\/2026\/04\/125494_G-oxi_white_600ml-600x600.png 600w, https:\/\/grassglobe.com\/wp-content\/uploads\/2026\/04\/125494_G-oxi_white_600ml-100x100.png 100w\" sizes=\"auto, (max-width: 300px) 100vw, 300px\" \/><\/div>\n\t\t\t\t\t<div class=\"wc-block-grid__product-title\">Stain remover-bleach GRASS &#8220;G-oxi spray&#8221; 600 ml<\/div>\n\t\t\t\t<\/a>\n\t\t\t\t<div class=\"wc-block-grid__product-price price\"><span class=\"woocommerce-Price-amount amount\"><span class=\"woocommerce-Price-currencySymbol\">&#8378;<\/span>259,00<\/span><\/div>\n\t\t\t\t\n\t\t\t\t<div class=\"wp-block-button wc-block-grid__product-add-to-cart\"><a href=\"\/tr\/wp-json\/wp\/v2\/pages\/9?add-to-cart=274\" aria-label=\"Sepete ekle: \u201cStain remover-bleach GRASS &quot;G-oxi spray&quot; 600 ml\u201d\" data-quantity=\"1\" data-product_id=\"274\" data-product_sku=\"125494\" data-price=\"259\" rel=\"nofollow\" class=\"wp-block-button__link wp-element-button add_to_cart_button ajax_add_to_cart\">Sepete Ekle<\/a><\/div>\n\t\t\t<\/li><\/ul><\/div><\/div>\n<\/div>\n","protected":false},"excerpt":{"rendered":"","protected":false},"author":1,"featured_media":0,"parent":0,"menu_order":0,"comment_status":"closed","ping_status":"closed","template":"","meta":{"_acf_changed":false,"footnotes":""},"class_list":["post-9","page","type-page","status-publish","hentry"],"acf":[],"_links":{"self":[{"href":"https:\/\/grassglobe.com\/tr\/wp-json\/wp\/v2\/pages\/9","targetHints":{"allow":["GET"]}}],"collection":[{"href":"https:\/\/grassglobe.com\/tr\/wp-json\/wp\/v2\/pages"}],"about":[{"href":"https:\/\/grassglobe.com\/tr\/wp-json\/wp\/v2\/types\/page"}],"author":[{"embeddable":true,"href":"https:\/\/grassglobe.com\/tr\/wp-json\/wp\/v2\/users\/1"}],"replies":[{"embeddable":true,"href":"https:\/\/grassglobe.com\/tr\/wp-json\/wp\/v2\/comments?post=9"}],"version-history":[{"count":1,"href":"https:\/\/grassglobe.com\/tr\/wp-json\/wp\/v2\/pages\/9\/revisions"}],"predecessor-version":[{"id":13,"href":"https:\/\/grassglobe.com\/tr\/wp-json\/wp\/v2\/pages\/9\/revisions\/13"}],"wp:attachment":[{"href":"https:\/\/grassglobe.com\/tr\/wp-json\/wp\/v2\/media?parent=9"}],"curies":[{"name":"wp","href":"https:\/\/api.w.org\/{rel}","templated":true}]}}